{"id":18,"date":"2020-10-04T19:08:09","date_gmt":"2020-10-04T17:08:09","guid":{"rendered":"https:\/\/action-form.com\/?page_id=18"},"modified":"2026-02-05T17:28:26","modified_gmt":"2026-02-05T16:28:26","slug":"elementor-18","status":"publish","type":"page","link":"https:\/\/action-form.com\/","title":{"rendered":"Accueil"},"content":{"rendered":"\t\t<div data-elementor-type=\"wp-page\" data-elementor-id=\"18\" class=\"elementor elementor-18\">\n\t\t\t\t\t\t<section class=\"elementor-section elementor-top-section elementor-element elementor-element-d32c8e9 elementor-section-boxed elementor-section-height-default elementor-section-height-default\" data-id=\"d32c8e9\" data-element_type=\"section\" data-e-type=\"section\">\n\t\t\t\t\t\t<div class=\"elementor-container elementor-column-gap-default\">\n\t\t\t\t\t<div class=\"elementor-column elementor-col-100 elementor-top-column elementor-element elementor-element-0585e37\" data-id=\"0585e37\" data-element_type=\"column\" data-e-type=\"column\">\n\t\t\t<div class=\"elementor-widget-wrap elementor-element-populated\">\n\t\t\t\t\t\t<div class=\"elementor-element elementor-element-dda27c2 elementor-widget elementor-widget-heading\" data-id=\"dda27c2\" data-element_type=\"widget\" data-e-type=\"widget\" data-widget_type=\"heading.default\">\n\t\t\t\t<div class=\"elementor-widget-container\">\n\t\t\t\t\t<h2 class=\"elementor-heading-title elementor-size-default\"><span style=\"color: #FF00FF !important\">Croquez la nature !<\/span><\/h2>\t\t\t\t<\/div>\n\t\t\t\t<\/div>\n\t\t\t\t\t<\/div>\n\t\t<\/div>\n\t\t\t\t\t<\/div>\n\t\t<\/section>\n\t\t\t\t<section class=\"elementor-section elementor-top-section elementor-element elementor-element-d6f150f elementor-section-boxed elementor-section-height-default elementor-section-height-default\" data-id=\"d6f150f\" data-element_type=\"section\" data-e-type=\"section\">\n\t\t\t\t\t\t<div class=\"elementor-container elementor-column-gap-default\">\n\t\t\t\t\t<div class=\"elementor-column elementor-col-100 elementor-top-column elementor-element elementor-element-ee401c0\" data-id=\"ee401c0\" data-element_type=\"column\" data-e-type=\"column\">\n\t\t\t<div class=\"elementor-widget-wrap elementor-element-populated\">\n\t\t\t\t\t\t<div class=\"elementor-element elementor-element-cee63c9 elementor-widget elementor-widget-text-editor\" data-id=\"cee63c9\" data-element_type=\"widget\" data-e-type=\"widget\" data-widget_type=\"text-editor.default\">\n\t\t\t\t<div class=\"elementor-widget-container\">\n\t\t\t\t\t\t\t\t\t<p><em><strong>L&rsquo;association Action Form&rsquo; vous propose l&rsquo;organisation d\u2019\u00e9v\u00e8nements et de sorties atypiques en milieu naturel. Une \u00e9quipe de personnes dipl\u00f4m\u00e9es est \u00e0 votre disposition pour partager son exp\u00e9rience et vous faire passer un moment m\u00e9morable.<\/strong><\/em><\/p><p><em><span style=\"font-weight: bold;\">Promenez vous dans nos menus et d\u00e9couvrez nos programmes.<\/span><\/em><\/p>\t\t\t\t\t\t\t\t<\/div>\n\t\t\t\t<\/div>\n\t\t\t\t\t<\/div>\n\t\t<\/div>\n\t\t\t\t\t<\/div>\n\t\t<\/section>\n\t\t\t\t<section class=\"elementor-section elementor-top-section elementor-element elementor-element-6ec31148 elementor-section-content-top elementor-section-full_width elementor-section-height-default elementor-section-height-default\" data-id=\"6ec31148\" data-element_type=\"section\" data-e-type=\"section\">\n\t\t\t\t\t\t<div class=\"elementor-container elementor-column-gap-no\">\n\t\t\t\t\t<div class=\"elementor-column elementor-col-100 elementor-top-column elementor-element elementor-element-5ea02b9f\" data-id=\"5ea02b9f\" data-element_type=\"column\" data-e-type=\"column\">\n\t\t\t<div class=\"elementor-widget-wrap elementor-element-populated\">\n\t\t\t\t\t\t<div class=\"elementor-element elementor-element-bb573ea elementor-widget elementor-widget-video\" data-id=\"bb573ea\" data-element_type=\"widget\" data-e-type=\"widget\" data-settings=\"{&quot;video_type&quot;:&quot;hosted&quot;,&quot;autoplay&quot;:&quot;yes&quot;,&quot;play_on_mobile&quot;:&quot;yes&quot;,&quot;loop&quot;:&quot;yes&quot;,&quot;controls&quot;:&quot;yes&quot;}\" data-widget_type=\"video.default\">\n\t\t\t\t<div class=\"elementor-widget-container\">\n\t\t\t\t\t\t\t<div class=\"e-hosted-video elementor-wrapper elementor-open-inline\">\n\t\t\t\t\t<video class=\"elementor-video\" src=\"https:\/\/action-form.com\/wp-content\/uploads\/Dom-presentation.mov\" autoplay=\"\" loop=\"\" controls=\"\" playsinline=\"\"><\/video>\n\t\t\t\t<\/div>\n\t\t\t\t\t\t<\/div>\n\t\t\t\t<\/div>\n\t\t\t\t\t<\/div>\n\t\t<\/div>\n\t\t\t\t\t<\/div>\n\t\t<\/section>\n\t\t\t\t<section class=\"elementor-section elementor-top-section elementor-element elementor-element-517edd7 elementor-section-boxed elementor-section-height-default elementor-section-height-default\" data-id=\"517edd7\" data-element_type=\"section\" data-e-type=\"section\">\n\t\t\t\t\t\t<div class=\"elementor-container elementor-column-gap-default\">\n\t\t\t\t\t<div class=\"elementor-column elementor-col-100 elementor-top-column elementor-element elementor-element-6551e26\" data-id=\"6551e26\" data-element_type=\"column\" data-e-type=\"column\">\n\t\t\t<div class=\"elementor-widget-wrap elementor-element-populated\">\n\t\t\t\t\t\t<div class=\"elementor-element elementor-element-0349ff7 elementor-widget elementor-widget-shortcode\" data-id=\"0349ff7\" data-element_type=\"widget\" data-e-type=\"widget\" data-widget_type=\"shortcode.default\">\n\t\t\t\t<div class=\"elementor-widget-container\">\n\t\t\t\t\t\t\t<div class=\"elementor-shortcode\">[recent_post_carousel  limit=\"9\" design=\"design-1\" show_author=\"false\"]<\/div>\n\t\t\t\t\t\t<\/div>\n\t\t\t\t<\/div>\n\t\t\t\t\t<\/div>\n\t\t<\/div>\n\t\t\t\t\t<\/div>\n\t\t<\/section>\n\t\t\t\t<\/div>\n\t\t","protected":false},"excerpt":{"rendered":"<p>Croquez la nature ! L&rsquo;association Action Form&rsquo; vous propose l&rsquo;organisation d\u2019\u00e9v\u00e8nements et de sorties atypiques en milieu naturel. Une \u00e9quipe de personnes dipl\u00f4m\u00e9es est \u00e0 votre disposition pour partager son exp\u00e9rience et vous faire passer un moment m\u00e9morable. Promenez vous dans nos menus et d\u00e9couvrez nos programmes. https:\/\/action-form.com\/wp-content\/uploads\/Dom-presentation.mov[recent_post_carousel limit=\u00a0\u00bb9&Prime; design=\u00a0\u00bbdesign-1&Prime; show_author=\u00a0\u00bbfalse\u00a0\u00bb]<\/p>\n","protected":false},"author":1,"featured_media":0,"parent":0,"menu_order":0,"comment_status":"closed","ping_status":"closed","template":"elementor_header_footer","meta":{"footnotes":""},"class_list":["post-18","page","type-page","status-publish","hentry","wpbf-post"],"_links":{"self":[{"href":"https:\/\/action-form.com\/index.php\/wp-json\/wp\/v2\/pages\/18","targetHints":{"allow":["GET"]}}],"collection":[{"href":"https:\/\/action-form.com\/index.php\/wp-json\/wp\/v2\/pages"}],"about":[{"href":"https:\/\/action-form.com\/index.php\/wp-json\/wp\/v2\/types\/page"}],"author":[{"embeddable":true,"href":"https:\/\/action-form.com\/index.php\/wp-json\/wp\/v2\/users\/1"}],"replies":[{"embeddable":true,"href":"https:\/\/action-form.com\/index.php\/wp-json\/wp\/v2\/comments?post=18"}],"version-history":[{"count":213,"href":"https:\/\/action-form.com\/index.php\/wp-json\/wp\/v2\/pages\/18\/revisions"}],"predecessor-version":[{"id":8646,"href":"https:\/\/action-form.com\/index.php\/wp-json\/wp\/v2\/pages\/18\/revisions\/8646"}],"wp:attachment":[{"href":"https:\/\/action-form.com\/index.php\/wp-json\/wp\/v2\/media?parent=18"}],"curies":[{"name":"wp","href":"https:\/\/api.w.org\/{rel}","templated":true}]}}