{"id":223,"date":"2020-10-25T01:47:40","date_gmt":"2020-10-24T23:47:40","guid":{"rendered":"https:\/\/action-form.com\/?page_id=223"},"modified":"2025-02-10T20:14:43","modified_gmt":"2025-02-10T19:14:43","slug":"qui-sommes-nous","status":"publish","type":"page","link":"https:\/\/action-form.com\/index.php\/qui-sommes-nous\/","title":{"rendered":"Qui sommes-nous"},"content":{"rendered":"\t\t<div data-elementor-type=\"wp-page\" data-elementor-id=\"223\" class=\"elementor elementor-223\">\n\t\t\t\t\t\t<section class=\"elementor-section elementor-top-section elementor-element elementor-element-ddcb0d6 elementor-section-boxed elementor-section-height-default elementor-section-height-default\" data-id=\"ddcb0d6\" data-element_type=\"section\" data-e-type=\"section\">\n\t\t\t\t\t\t<div class=\"elementor-container elementor-column-gap-default\">\n\t\t\t\t\t<div class=\"elementor-column elementor-col-100 elementor-top-column elementor-element elementor-element-d46baa1\" data-id=\"d46baa1\" data-element_type=\"column\" data-e-type=\"column\">\n\t\t\t<div class=\"elementor-widget-wrap elementor-element-populated\">\n\t\t\t\t\t\t<div class=\"elementor-element elementor-element-0c95004 elementor-widget elementor-widget-heading\" data-id=\"0c95004\" data-element_type=\"widget\" data-e-type=\"widget\" data-widget_type=\"heading.default\">\n\t\t\t\t<div class=\"elementor-widget-container\">\n\t\t\t\t\t<h2 class=\"elementor-heading-title elementor-size-default\">Qui sommes nous ? <\/h2>\t\t\t\t<\/div>\n\t\t\t\t<\/div>\n\t\t\t\t\t<\/div>\n\t\t<\/div>\n\t\t\t\t\t<\/div>\n\t\t<\/section>\n\t\t\t\t<section class=\"elementor-section elementor-top-section elementor-element elementor-element-25de6b3 elementor-section-boxed elementor-section-height-default elementor-section-height-default\" data-id=\"25de6b3\" data-element_type=\"section\" data-e-type=\"section\">\n\t\t\t\t\t\t<div class=\"elementor-container elementor-column-gap-default\">\n\t\t\t\t\t<div class=\"elementor-column elementor-col-100 elementor-top-column elementor-element elementor-element-89640d9\" data-id=\"89640d9\" data-element_type=\"column\" data-e-type=\"column\">\n\t\t\t<div class=\"elementor-widget-wrap elementor-element-populated\">\n\t\t\t\t\t\t<div class=\"elementor-element elementor-element-36abafa elementor-widget elementor-widget-text-editor\" data-id=\"36abafa\" data-element_type=\"widget\" data-e-type=\"widget\" data-widget_type=\"text-editor.default\">\n\t\t\t\t<div class=\"elementor-widget-container\">\n\t\t\t\t\t\t\t\t\t<p><strong>L&rsquo;association Action Form&rsquo; regroupe une \u00e9quipe de personnes dipl\u00f4m\u00e9es, sp\u00e9cialis\u00e9es dans les sports et activit\u00e9s de pleine nature, \u00e0 votre \u00e9coute pour vous concocter des moments hors du commun dans un cadre \u00e9poustouflant.<\/strong><\/p><ul><li><strong>Un anniversaire inoubliable ? Nous organisons pour vous, un jeu de piste, une chasse au tr\u00e9sor, une enqu\u00eate qui r\u00e9galera du plus grand au plus petit. Peu importe le nombre et la composition de votre groupe, nous adaptons le concept.<\/strong><\/li><li><strong>Un enterrement de vie de jeune fille ou de gar\u00e7on ? Passez en mode \u00ab original \u00bb en nous confiant l\u2019organisation de ce moment. Epreuves insolites, escape game outdoor, une journ\u00e9e qui restera dans les m\u00e9moires.<\/strong><\/li><li><strong>Besoin de souder, de dynamiser l\u2019\u00e9quipe de vos collaborateurs ? Envie d\u2019organiser un s\u00e9minaire qui marquera les esprits ? Comptez sur nous pour avoir des id\u00e9es !<\/strong><\/li><li><strong>Juste envie d\u2019une balade encadr\u00e9e, \u00e0 VTT, en marche nordique ou en randonn\u00e9e, en groupe, en couple, entre amis ou en famille, N&rsquo;h\u00e9sitez pas \u00e0 venir vers nous.<\/strong><\/li><\/ul>\t\t\t\t\t\t\t\t<\/div>\n\t\t\t\t<\/div>\n\t\t\t\t\t<\/div>\n\t\t<\/div>\n\t\t\t\t\t<\/div>\n\t\t<\/section>\n\t\t\t\t<\/div>\n\t\t","protected":false},"excerpt":{"rendered":"<p>Qui sommes nous ? L&rsquo;association Action Form&rsquo; regroupe une \u00e9quipe de personnes dipl\u00f4m\u00e9es, sp\u00e9cialis\u00e9es dans les sports et activit\u00e9s de pleine nature, \u00e0 votre \u00e9coute pour vous concocter des moments hors du commun dans un cadre \u00e9poustouflant. Un anniversaire inoubliable ? Nous organisons pour vous, un jeu de piste, une chasse au tr\u00e9sor, une enqu\u00eate [&hellip;]<\/p>\n","protected":false},"author":1,"featured_media":0,"parent":0,"menu_order":0,"comment_status":"closed","ping_status":"closed","template":"elementor_header_footer","meta":{"footnotes":""},"class_list":["post-223","page","type-page","status-publish","hentry","wpbf-post"],"_links":{"self":[{"href":"https:\/\/action-form.com\/index.php\/wp-json\/wp\/v2\/pages\/223","targetHints":{"allow":["GET"]}}],"collection":[{"href":"https:\/\/action-form.com\/index.php\/wp-json\/wp\/v2\/pages"}],"about":[{"href":"https:\/\/action-form.com\/index.php\/wp-json\/wp\/v2\/types\/page"}],"author":[{"embeddable":true,"href":"https:\/\/action-form.com\/index.php\/wp-json\/wp\/v2\/users\/1"}],"replies":[{"embeddable":true,"href":"https:\/\/action-form.com\/index.php\/wp-json\/wp\/v2\/comments?post=223"}],"version-history":[{"count":41,"href":"https:\/\/action-form.com\/index.php\/wp-json\/wp\/v2\/pages\/223\/revisions"}],"predecessor-version":[{"id":8109,"href":"https:\/\/action-form.com\/index.php\/wp-json\/wp\/v2\/pages\/223\/revisions\/8109"}],"wp:attachment":[{"href":"https:\/\/action-form.com\/index.php\/wp-json\/wp\/v2\/media?parent=223"}],"curies":[{"name":"wp","href":"https:\/\/api.w.org\/{rel}","templated":true}]}}