{"id":39,"date":"2020-10-11T22:26:33","date_gmt":"2020-10-11T20:26:33","guid":{"rendered":"https:\/\/action-form.com\/?page_id=39"},"modified":"2023-12-06T16:49:55","modified_gmt":"2023-12-06T15:49:55","slug":"marche-nordique","status":"publish","type":"page","link":"https:\/\/action-form.com\/index.php\/marche-nordique\/","title":{"rendered":"Marche nordique"},"content":{"rendered":"\t\t<div data-elementor-type=\"wp-page\" data-elementor-id=\"39\" class=\"elementor elementor-39\">\n\t\t\t\t\t\t<section class=\"elementor-section elementor-top-section elementor-element elementor-element-75e6cbc6 elementor-section-boxed elementor-section-height-default elementor-section-height-default\" data-id=\"75e6cbc6\" data-element_type=\"section\" data-e-type=\"section\">\n\t\t\t\t\t\t<div class=\"elementor-container elementor-column-gap-default\">\n\t\t\t\t\t<div class=\"elementor-column elementor-col-100 elementor-top-column elementor-element elementor-element-3ef15115\" data-id=\"3ef15115\" data-element_type=\"column\" data-e-type=\"column\">\n\t\t\t<div class=\"elementor-widget-wrap elementor-element-populated\">\n\t\t\t\t\t\t<div class=\"elementor-element elementor-element-32a72525 elementor-widget elementor-widget-heading\" data-id=\"32a72525\" data-element_type=\"widget\" data-e-type=\"widget\" data-widget_type=\"heading.default\">\n\t\t\t\t<div class=\"elementor-widget-container\">\n\t\t\t\t\t<h1 class=\"elementor-heading-title elementor-size-xl\">Marche Nordique<\/h1>\t\t\t\t<\/div>\n\t\t\t\t<\/div>\n\t\t\t\t\t<\/div>\n\t\t<\/div>\n\t\t\t\t\t<\/div>\n\t\t<\/section>\n\t\t\t\t<section class=\"elementor-section elementor-top-section elementor-element elementor-element-03771f7 elementor-section-boxed elementor-section-height-default elementor-section-height-default\" data-id=\"03771f7\" data-element_type=\"section\" data-e-type=\"section\">\n\t\t\t\t\t\t<div class=\"elementor-container elementor-column-gap-default\">\n\t\t\t\t\t<div class=\"elementor-column elementor-col-100 elementor-top-column elementor-element elementor-element-52024ed\" data-id=\"52024ed\" data-element_type=\"column\" data-e-type=\"column\">\n\t\t\t<div class=\"elementor-widget-wrap elementor-element-populated\">\n\t\t\t\t\t\t<div class=\"elementor-element elementor-element-fee4735 elementor-widget elementor-widget-layerslider\" data-id=\"fee4735\" data-element_type=\"widget\" data-e-type=\"widget\" data-widget_type=\"layerslider.default\">\n\t\t\t\t<div class=\"elementor-widget-container\">\n\t\t\t\t\t<script type=\"text\/javascript\">jQuery(function() { _initLayerSlider( '#layerslider_35_1etdcygu88m21', {sliderVersion: '7.9.6', allowFullscreen: true, skin: 'v6', sliderFadeInDuration: 350, navStartStop: false, hoverBottomNav: true, showCircleTimer: false, useSrcset: true, skinsPath: 'https:\/\/action-form.com\/wp-content\/plugins\/LayerSlider\/assets\/static\/layerslider\/skins\/', performanceMode: true, plugins: [\"origami\"]}); });<\/script><div id=\"layerslider_35_1etdcygu88m21\"  class=\"ls-wp-container fitvidsignore ls-selectable\" style=\"width:1920px;height:848px;margin:0 auto;margin-top: 0px !important;\"><div class=\"ls-slide\" data-ls=\"duration:1000;transitionorigami:true;overflow:true;\"><img fetchpriority=\"high\" decoding=\"async\" width=\"600\" height=\"800\" src=\"https:\/\/action-form.com\/wp-content\/uploads\/MN_5_sRVB-1-1.jpg\" class=\"ls-bg\" alt=\"\" srcset=\"https:\/\/action-form.com\/wp-content\/uploads\/MN_5_sRVB-1-1.jpg 600w, https:\/\/action-form.com\/wp-content\/uploads\/MN_5_sRVB-1-1-225x300.jpg 225w\" sizes=\"(max-width: 600px) 100vw, 600px\" \/><\/div><div class=\"ls-slide\" data-ls=\"duration:1000;transitionorigami:true;overflow:true;\"><img decoding=\"async\" width=\"800\" height=\"600\" src=\"https:\/\/action-form.com\/wp-content\/uploads\/MN_4_sRVB-1-1.jpg\" class=\"ls-bg\" alt=\"\" srcset=\"https:\/\/action-form.com\/wp-content\/uploads\/MN_4_sRVB-1-1.jpg 800w, https:\/\/action-form.com\/wp-content\/uploads\/MN_4_sRVB-1-1-300x225.jpg 300w, https:\/\/action-form.com\/wp-content\/uploads\/MN_4_sRVB-1-1-768x576.jpg 768w\" sizes=\"(max-width: 800px) 100vw, 800px\" \/><\/div><div class=\"ls-slide\" data-ls=\"duration:1000;transitionorigami:true;overflow:true;\"><img decoding=\"async\" width=\"450\" height=\"600\" src=\"https:\/\/action-form.com\/wp-content\/uploads\/MN_2_sRVB-1-e1605348254753-1.jpg\" class=\"ls-bg\" alt=\"\" srcset=\"https:\/\/action-form.com\/wp-content\/uploads\/MN_2_sRVB-1-e1605348254753-1.jpg 450w, https:\/\/action-form.com\/wp-content\/uploads\/MN_2_sRVB-1-e1605348254753-1-225x300.jpg 225w\" sizes=\"(max-width: 450px) 100vw, 450px\" \/><\/div><div class=\"ls-slide\" data-ls=\"duration:1000;transitionorigami:true;overflow:true;\"><img loading=\"lazy\" decoding=\"async\" width=\"799\" height=\"600\" src=\"https:\/\/action-form.com\/wp-content\/uploads\/MN_3_sRVB-1-1.jpg\" class=\"ls-bg\" alt=\"\" srcset=\"https:\/\/action-form.com\/wp-content\/uploads\/MN_3_sRVB-1-1.jpg 799w, https:\/\/action-form.com\/wp-content\/uploads\/MN_3_sRVB-1-1-300x225.jpg 300w, https:\/\/action-form.com\/wp-content\/uploads\/MN_3_sRVB-1-1-768x577.jpg 768w\" sizes=\"(max-width: 799px) 100vw, 799px\" \/><\/div><div class=\"ls-slide\" data-ls=\"duration:1000;transitionorigami:true;overflow:true;\"><img loading=\"lazy\" decoding=\"async\" width=\"800\" height=\"450\" src=\"https:\/\/action-form.com\/wp-content\/uploads\/ENCAD_NVOYANTS_3-1.png\" class=\"ls-bg\" alt=\"\" srcset=\"https:\/\/action-form.com\/wp-content\/uploads\/ENCAD_NVOYANTS_3-1.png 800w, https:\/\/action-form.com\/wp-content\/uploads\/ENCAD_NVOYANTS_3-1-300x169.png 300w, https:\/\/action-form.com\/wp-content\/uploads\/ENCAD_NVOYANTS_3-1-768x432.png 768w\" sizes=\"(max-width: 800px) 100vw, 800px\" \/><\/div><div class=\"ls-slide\" ><img loading=\"lazy\" decoding=\"async\" width=\"800\" height=\"533\" src=\"https:\/\/action-form.com\/wp-content\/uploads\/ENCAD_NVOYANTS_1-1.png\" class=\"ls-bg\" alt=\"\" srcset=\"https:\/\/action-form.com\/wp-content\/uploads\/ENCAD_NVOYANTS_1-1.png 800w, https:\/\/action-form.com\/wp-content\/uploads\/ENCAD_NVOYANTS_1-1-300x200.png 300w, https:\/\/action-form.com\/wp-content\/uploads\/ENCAD_NVOYANTS_1-1-768x512.png 768w\" sizes=\"(max-width: 800px) 100vw, 800px\" \/><\/div><div class=\"ls-slide\" ><img loading=\"lazy\" decoding=\"async\" width=\"800\" height=\"534\" src=\"https:\/\/action-form.com\/wp-content\/uploads\/ENCAD_NVOYANTS_2-1.png\" class=\"ls-bg\" alt=\"\" srcset=\"https:\/\/action-form.com\/wp-content\/uploads\/ENCAD_NVOYANTS_2-1.png 800w, https:\/\/action-form.com\/wp-content\/uploads\/ENCAD_NVOYANTS_2-1-300x200.png 300w, https:\/\/action-form.com\/wp-content\/uploads\/ENCAD_NVOYANTS_2-1-768x513.png 768w\" sizes=\"(max-width: 800px) 100vw, 800px\" \/><\/div><div class=\"ls-slide\" ><\/div><\/div>\t\t\t\t<\/div>\n\t\t\t\t<\/div>\n\t\t\t\t\t<\/div>\n\t\t<\/div>\n\t\t\t\t\t<\/div>\n\t\t<\/section>\n\t\t\t\t<section class=\"elementor-section elementor-top-section elementor-element elementor-element-3ddb3bc0 elementor-section-boxed elementor-section-height-default elementor-section-height-default\" data-id=\"3ddb3bc0\" data-element_type=\"section\" data-e-type=\"section\">\n\t\t\t\t\t\t<div class=\"elementor-container elementor-column-gap-default\">\n\t\t\t\t\t<div class=\"elementor-column elementor-col-100 elementor-top-column elementor-element elementor-element-178c13f2\" data-id=\"178c13f2\" data-element_type=\"column\" data-e-type=\"column\">\n\t\t\t<div class=\"elementor-widget-wrap elementor-element-populated\">\n\t\t\t\t\t\t<div class=\"elementor-element elementor-element-1923f7f0 elementor-widget elementor-widget-text-editor\" data-id=\"1923f7f0\" data-element_type=\"widget\" data-e-type=\"widget\" data-widget_type=\"text-editor.default\">\n\t\t\t\t<div class=\"elementor-widget-container\">\n\t\t\t\t\t\t\t\t\t<p><strong>Gr\u00e2ce aux\u00a0b\u00e2tons,\u00a0la Marche Nordique est le sport\u00a0id\u00e9al pour retrouver la forme et vous tonifier.<\/strong><\/p><p><strong>Forme,\u00a0bien-\u00eatre et sant\u00e9 seront au rendez-vous.<\/strong><\/p><p><strong>Randonn\u00e9e<span style=\"color: var( --e-global-color-text );\">\u00a0<\/span>r\u00e9guli\u00e8re en groupe.<\/strong><\/p><p><strong>Le\u00a0mat\u00e9riel est fourni.<\/strong><\/p>\t\t\t\t\t\t\t\t<\/div>\n\t\t\t\t<\/div>\n\t\t\t\t\t<\/div>\n\t\t<\/div>\n\t\t\t\t\t<\/div>\n\t\t<\/section>\n\t\t\t\t<\/div>\n\t\t","protected":false},"excerpt":{"rendered":"<p>Marche Nordique Gr\u00e2ce aux\u00a0b\u00e2tons,\u00a0la Marche Nordique est le sport\u00a0id\u00e9al pour retrouver la forme et vous tonifier. Forme,\u00a0bien-\u00eatre et sant\u00e9 seront au rendez-vous. Randonn\u00e9e\u00a0r\u00e9guli\u00e8re en groupe. Le\u00a0mat\u00e9riel est fourni.<\/p>\n","protected":false},"author":1,"featured_media":0,"parent":0,"menu_order":0,"comment_status":"closed","ping_status":"closed","template":"elementor_header_footer","meta":{"footnotes":""},"class_list":["post-39","page","type-page","status-publish","hentry","wpbf-post"],"_links":{"self":[{"href":"https:\/\/action-form.com\/index.php\/wp-json\/wp\/v2\/pages\/39","targetHints":{"allow":["GET"]}}],"collection":[{"href":"https:\/\/action-form.com\/index.php\/wp-json\/wp\/v2\/pages"}],"about":[{"href":"https:\/\/action-form.com\/index.php\/wp-json\/wp\/v2\/types\/page"}],"author":[{"embeddable":true,"href":"https:\/\/action-form.com\/index.php\/wp-json\/wp\/v2\/users\/1"}],"replies":[{"embeddable":true,"href":"https:\/\/action-form.com\/index.php\/wp-json\/wp\/v2\/comments?post=39"}],"version-history":[{"count":37,"href":"https:\/\/action-form.com\/index.php\/wp-json\/wp\/v2\/pages\/39\/revisions"}],"predecessor-version":[{"id":8367,"href":"https:\/\/action-form.com\/index.php\/wp-json\/wp\/v2\/pages\/39\/revisions\/8367"}],"wp:attachment":[{"href":"https:\/\/action-form.com\/index.php\/wp-json\/wp\/v2\/media?parent=39"}],"curies":[{"name":"wp","href":"https:\/\/api.w.org\/{rel}","templated":true}]}}