{"id":489,"date":"2020-11-14T10:49:03","date_gmt":"2020-11-14T09:49:03","guid":{"rendered":"https:\/\/action-form.com\/?page_id=489"},"modified":"2023-12-06T16:32:43","modified_gmt":"2023-12-06T15:32:43","slug":"vtt","status":"publish","type":"page","link":"https:\/\/action-form.com\/index.php\/vtt\/","title":{"rendered":"VTT"},"content":{"rendered":"\t\t<div data-elementor-type=\"wp-page\" data-elementor-id=\"489\" class=\"elementor elementor-489\">\n\t\t\t\t\t\t<section class=\"elementor-section elementor-top-section elementor-element elementor-element-4a29d0bc elementor-section-boxed elementor-section-height-default elementor-section-height-default\" data-id=\"4a29d0bc\" data-element_type=\"section\" data-e-type=\"section\">\n\t\t\t\t\t\t<div class=\"elementor-container elementor-column-gap-default\">\n\t\t\t\t\t<div class=\"elementor-column elementor-col-100 elementor-top-column elementor-element elementor-element-4e21463a\" data-id=\"4e21463a\" data-element_type=\"column\" data-e-type=\"column\">\n\t\t\t<div class=\"elementor-widget-wrap elementor-element-populated\">\n\t\t\t\t\t\t<div class=\"elementor-element elementor-element-6e44e47b elementor-widget elementor-widget-heading\" data-id=\"6e44e47b\" data-element_type=\"widget\" data-e-type=\"widget\" data-widget_type=\"heading.default\">\n\t\t\t\t<div class=\"elementor-widget-container\">\n\t\t\t\t\t<h1 class=\"elementor-heading-title elementor-size-xl\">VTT<\/h1>\t\t\t\t<\/div>\n\t\t\t\t<\/div>\n\t\t\t\t\t<\/div>\n\t\t<\/div>\n\t\t\t\t\t<\/div>\n\t\t<\/section>\n\t\t\t\t<section class=\"elementor-section elementor-top-section elementor-element elementor-element-fb1c63b elementor-section-boxed elementor-section-height-default elementor-section-height-default\" data-id=\"fb1c63b\" data-element_type=\"section\" data-e-type=\"section\">\n\t\t\t\t\t\t<div class=\"elementor-container elementor-column-gap-default\">\n\t\t\t\t\t<div class=\"elementor-column elementor-col-100 elementor-top-column elementor-element elementor-element-82327eb\" data-id=\"82327eb\" data-element_type=\"column\" data-e-type=\"column\">\n\t\t\t<div class=\"elementor-widget-wrap elementor-element-populated\">\n\t\t\t\t\t\t<div class=\"elementor-element elementor-element-ecd4694 elementor-widget elementor-widget-layerslider\" data-id=\"ecd4694\" data-element_type=\"widget\" data-e-type=\"widget\" data-widget_type=\"layerslider.default\">\n\t\t\t\t<div class=\"elementor-widget-container\">\n\t\t\t\t\t<script type=\"text\/javascript\">jQuery(function() { _initLayerSlider( '#layerslider_5_1rgr49l28yamf', {sliderVersion: '7.9.6', allowFullscreen: true, skin: 'v6', sliderFadeInDuration: 350, navStartStop: false, hoverBottomNav: true, showCircleTimer: false, useSrcset: true, skinsPath: 'https:\/\/action-form.com\/wp-content\/plugins\/LayerSlider\/assets\/static\/layerslider\/skins\/', performanceMode: true, plugins: [\"origami\"]}); });<\/script><div id=\"layerslider_5_1rgr49l28yamf\"  class=\"ls-wp-container fitvidsignore ls-selectable\" style=\"width:1920px;height:848px;margin:0 auto;margin-top: 0px !important;\"><div class=\"ls-slide\" data-ls=\"duration:1000;transitionorigami:true;overflow:true;parallaxtype:3d;\"><img fetchpriority=\"high\" decoding=\"async\" width=\"2560\" height=\"1707\" src=\"https:\/\/action-form.com\/wp-content\/uploads\/pexels-jahangeer-bm-1619299-scaled.jpg\" class=\"ls-bg\" alt=\"\" srcset=\"https:\/\/action-form.com\/wp-content\/uploads\/pexels-jahangeer-bm-1619299-scaled.jpg 2560w, https:\/\/action-form.com\/wp-content\/uploads\/pexels-jahangeer-bm-1619299-300x200.jpg 300w, https:\/\/action-form.com\/wp-content\/uploads\/pexels-jahangeer-bm-1619299-1024x683.jpg 1024w, https:\/\/action-form.com\/wp-content\/uploads\/pexels-jahangeer-bm-1619299-768x512.jpg 768w, https:\/\/action-form.com\/wp-content\/uploads\/pexels-jahangeer-bm-1619299-1536x1024.jpg 1536w\" sizes=\"(max-width: 2560px) 100vw, 2560px\" \/><\/div><div class=\"ls-slide\" data-ls=\"duration:1000;transitionorigami:true;overflow:true;parallaxtype:3d;\"><img decoding=\"async\" width=\"2560\" height=\"1707\" src=\"https:\/\/action-form.com\/wp-content\/uploads\/VTT-scaled.jpg\" class=\"ls-bg\" alt=\"\" srcset=\"https:\/\/action-form.com\/wp-content\/uploads\/VTT-scaled.jpg 2560w, https:\/\/action-form.com\/wp-content\/uploads\/VTT-300x200.jpg 300w, https:\/\/action-form.com\/wp-content\/uploads\/VTT-1024x683.jpg 1024w, https:\/\/action-form.com\/wp-content\/uploads\/VTT-768x512.jpg 768w, https:\/\/action-form.com\/wp-content\/uploads\/VTT-1536x1024.jpg 1536w\" sizes=\"(max-width: 2560px) 100vw, 2560px\" \/><\/div><div class=\"ls-slide\" ><img decoding=\"async\" width=\"2560\" height=\"1703\" src=\"https:\/\/action-form.com\/wp-content\/uploads\/VTT\u00a9Thomas_GarciaVal_dOise-78-scaled.jpg\" class=\"ls-bg\" alt=\"\" srcset=\"https:\/\/action-form.com\/wp-content\/uploads\/VTT\u00a9Thomas_GarciaVal_dOise-78-scaled.jpg 2560w, https:\/\/action-form.com\/wp-content\/uploads\/VTT\u00a9Thomas_GarciaVal_dOise-78-300x200.jpg 300w, https:\/\/action-form.com\/wp-content\/uploads\/VTT\u00a9Thomas_GarciaVal_dOise-78-1024x681.jpg 1024w, https:\/\/action-form.com\/wp-content\/uploads\/VTT\u00a9Thomas_GarciaVal_dOise-78-768x511.jpg 768w, https:\/\/action-form.com\/wp-content\/uploads\/VTT\u00a9Thomas_GarciaVal_dOise-78-1536x1022.jpg 1536w, https:\/\/action-form.com\/wp-content\/uploads\/VTT\u00a9Thomas_GarciaVal_dOise-78-2048x1363.jpg 2048w\" sizes=\"(max-width: 2560px) 100vw, 2560px\" \/><\/div><div class=\"ls-slide\" data-ls=\"duration:1000;transitionorigami:true;overflow:true;\"><img loading=\"lazy\" decoding=\"async\" width=\"2560\" height=\"2000\" src=\"https:\/\/action-form.com\/wp-content\/uploads\/VTT\u00a9Thomas_GarciaVal_dOise-45-scaled.jpg\" class=\"ls-bg\" alt=\"\" srcset=\"https:\/\/action-form.com\/wp-content\/uploads\/VTT\u00a9Thomas_GarciaVal_dOise-45-scaled.jpg 2560w, https:\/\/action-form.com\/wp-content\/uploads\/VTT\u00a9Thomas_GarciaVal_dOise-45-300x234.jpg 300w, https:\/\/action-form.com\/wp-content\/uploads\/VTT\u00a9Thomas_GarciaVal_dOise-45-1024x800.jpg 1024w, https:\/\/action-form.com\/wp-content\/uploads\/VTT\u00a9Thomas_GarciaVal_dOise-45-768x600.jpg 768w, https:\/\/action-form.com\/wp-content\/uploads\/VTT\u00a9Thomas_GarciaVal_dOise-45-1536x1200.jpg 1536w, https:\/\/action-form.com\/wp-content\/uploads\/VTT\u00a9Thomas_GarciaVal_dOise-45-2048x1600.jpg 2048w\" sizes=\"(max-width: 2560px) 100vw, 2560px\" \/><\/div><div class=\"ls-slide\" data-ls=\"duration:1000;transitionorigami:true;overflow:true;\"><img loading=\"lazy\" decoding=\"async\" width=\"800\" height=\"600\" src=\"https:\/\/action-form.com\/wp-content\/uploads\/ENCAD_VTT_1.png\" class=\"ls-bg\" alt=\"\" srcset=\"https:\/\/action-form.com\/wp-content\/uploads\/ENCAD_VTT_1.png 800w, https:\/\/action-form.com\/wp-content\/uploads\/ENCAD_VTT_1-300x225.png 300w, https:\/\/action-form.com\/wp-content\/uploads\/ENCAD_VTT_1-768x576.png 768w\" sizes=\"(max-width: 800px) 100vw, 800px\" \/><\/div><div class=\"ls-slide\" data-ls=\"duration:1000;transitionorigami:true;overflow:true;\"><img loading=\"lazy\" decoding=\"async\" width=\"800\" height=\"450\" src=\"https:\/\/action-form.com\/wp-content\/uploads\/ENCAD_VTT_5.png\" class=\"ls-bg\" alt=\"\" srcset=\"https:\/\/action-form.com\/wp-content\/uploads\/ENCAD_VTT_5.png 800w, https:\/\/action-form.com\/wp-content\/uploads\/ENCAD_VTT_5-300x169.png 300w, https:\/\/action-form.com\/wp-content\/uploads\/ENCAD_VTT_5-768x432.png 768w\" sizes=\"(max-width: 800px) 100vw, 800px\" \/><\/div><div class=\"ls-slide\" ><img loading=\"lazy\" decoding=\"async\" width=\"800\" height=\"450\" src=\"https:\/\/action-form.com\/wp-content\/uploads\/ENCAD_VTT_4.png\" class=\"ls-bg\" alt=\"\" srcset=\"https:\/\/action-form.com\/wp-content\/uploads\/ENCAD_VTT_4.png 800w, https:\/\/action-form.com\/wp-content\/uploads\/ENCAD_VTT_4-300x169.png 300w, https:\/\/action-form.com\/wp-content\/uploads\/ENCAD_VTT_4-768x432.png 768w\" sizes=\"(max-width: 800px) 100vw, 800px\" \/><\/div><div class=\"ls-slide\" ><img loading=\"lazy\" decoding=\"async\" width=\"800\" height=\"534\" src=\"https:\/\/action-form.com\/wp-content\/uploads\/VTT_3_sRVB.jpg\" class=\"ls-bg\" alt=\"\" srcset=\"https:\/\/action-form.com\/wp-content\/uploads\/VTT_3_sRVB.jpg 800w, https:\/\/action-form.com\/wp-content\/uploads\/VTT_3_sRVB-300x200.jpg 300w, https:\/\/action-form.com\/wp-content\/uploads\/VTT_3_sRVB-768x513.jpg 768w\" sizes=\"(max-width: 800px) 100vw, 800px\" \/><\/div><div class=\"ls-slide\" ><img loading=\"lazy\" decoding=\"async\" width=\"800\" height=\"600\" src=\"https:\/\/action-form.com\/wp-content\/uploads\/VTT_4_sRVB.jpg\" class=\"ls-bg\" alt=\"\" srcset=\"https:\/\/action-form.com\/wp-content\/uploads\/VTT_4_sRVB.jpg 800w, https:\/\/action-form.com\/wp-content\/uploads\/VTT_4_sRVB-300x225.jpg 300w, https:\/\/action-form.com\/wp-content\/uploads\/VTT_4_sRVB-768x576.jpg 768w\" sizes=\"(max-width: 800px) 100vw, 800px\" \/><\/div><div class=\"ls-slide\" ><img loading=\"lazy\" decoding=\"async\" width=\"800\" height=\"450\" src=\"https:\/\/action-form.com\/wp-content\/uploads\/ENCAD_VTT_3.png\" class=\"ls-bg\" alt=\"\" srcset=\"https:\/\/action-form.com\/wp-content\/uploads\/ENCAD_VTT_3.png 800w, https:\/\/action-form.com\/wp-content\/uploads\/ENCAD_VTT_3-300x169.png 300w, https:\/\/action-form.com\/wp-content\/uploads\/ENCAD_VTT_3-768x432.png 768w\" sizes=\"(max-width: 800px) 100vw, 800px\" \/><\/div><\/div>\t\t\t\t<\/div>\n\t\t\t\t<\/div>\n\t\t\t\t\t<\/div>\n\t\t<\/div>\n\t\t\t\t\t<\/div>\n\t\t<\/section>\n\t\t\t\t<section class=\"elementor-section elementor-top-section elementor-element elementor-element-4d6835bd elementor-section-boxed elementor-section-height-default elementor-section-height-default\" data-id=\"4d6835bd\" data-element_type=\"section\" data-e-type=\"section\">\n\t\t\t\t\t\t<div class=\"elementor-container elementor-column-gap-default\">\n\t\t\t\t\t<div class=\"elementor-column elementor-col-100 elementor-top-column elementor-element elementor-element-2af953e2\" data-id=\"2af953e2\" data-element_type=\"column\" data-e-type=\"column\">\n\t\t\t<div class=\"elementor-widget-wrap elementor-element-populated\">\n\t\t\t\t\t\t<div class=\"elementor-element elementor-element-23381ec5 elementor-widget elementor-widget-text-editor\" data-id=\"23381ec5\" data-element_type=\"widget\" data-e-type=\"widget\" data-widget_type=\"text-editor.default\">\n\t\t\t\t<div class=\"elementor-widget-container\">\n\t\t\t\t\t\t\t\t\t<p><strong>Des sorties VTT encadr\u00e9es, en direction de tous publics, pour d\u00e9couvrir notre superbe r\u00e9gion, ou se balader tout simplement en toute s\u00e9curit\u00e9.<\/strong><\/p>\t\t\t\t\t\t\t\t<\/div>\n\t\t\t\t<\/div>\n\t\t\t\t\t<\/div>\n\t\t<\/div>\n\t\t\t\t\t<\/div>\n\t\t<\/section>\n\t\t\t\t<\/div>\n\t\t","protected":false},"excerpt":{"rendered":"<p>VTT Des sorties VTT encadr\u00e9es, en direction de tous publics, pour d\u00e9couvrir notre superbe r\u00e9gion, ou se balader tout simplement en toute s\u00e9curit\u00e9.<\/p>\n","protected":false},"author":1,"featured_media":0,"parent":0,"menu_order":0,"comment_status":"closed","ping_status":"closed","template":"elementor_header_footer","meta":{"footnotes":""},"class_list":["post-489","page","type-page","status-publish","hentry","wpbf-post"],"_links":{"self":[{"href":"https:\/\/action-form.com\/index.php\/wp-json\/wp\/v2\/pages\/489","targetHints":{"allow":["GET"]}}],"collection":[{"href":"https:\/\/action-form.com\/index.php\/wp-json\/wp\/v2\/pages"}],"about":[{"href":"https:\/\/action-form.com\/index.php\/wp-json\/wp\/v2\/types\/page"}],"author":[{"embeddable":true,"href":"https:\/\/action-form.com\/index.php\/wp-json\/wp\/v2\/users\/1"}],"replies":[{"embeddable":true,"href":"https:\/\/action-form.com\/index.php\/wp-json\/wp\/v2\/comments?post=489"}],"version-history":[{"count":53,"href":"https:\/\/action-form.com\/index.php\/wp-json\/wp\/v2\/pages\/489\/revisions"}],"predecessor-version":[{"id":3506,"href":"https:\/\/action-form.com\/index.php\/wp-json\/wp\/v2\/pages\/489\/revisions\/3506"}],"wp:attachment":[{"href":"https:\/\/action-form.com\/index.php\/wp-json\/wp\/v2\/media?parent=489"}],"curies":[{"name":"wp","href":"https:\/\/api.w.org\/{rel}","templated":true}]}}