{"id":56,"date":"2020-10-11T23:10:03","date_gmt":"2020-10-11T21:10:03","guid":{"rendered":"https:\/\/action-form.com\/?page_id=56"},"modified":"2025-02-04T19:33:04","modified_gmt":"2025-02-04T18:33:04","slug":"jeux-de-piste","status":"publish","type":"page","link":"https:\/\/action-form.com\/index.php\/jeux-de-piste\/","title":{"rendered":"Jeux de piste"},"content":{"rendered":"\t\t<div data-elementor-type=\"wp-page\" data-elementor-id=\"56\" class=\"elementor elementor-56\">\n\t\t\t\t\t\t<section class=\"elementor-section elementor-top-section elementor-element elementor-element-799b3f50 elementor-section-boxed elementor-section-height-default elementor-section-height-default\" data-id=\"799b3f50\" data-element_type=\"section\" data-e-type=\"section\">\n\t\t\t\t\t\t<div class=\"elementor-container elementor-column-gap-default\">\n\t\t\t\t\t<div class=\"elementor-column elementor-col-100 elementor-top-column elementor-element elementor-element-27f9b27d\" data-id=\"27f9b27d\" data-element_type=\"column\" data-e-type=\"column\">\n\t\t\t<div class=\"elementor-widget-wrap elementor-element-populated\">\n\t\t\t\t\t\t<div class=\"elementor-element elementor-element-3b2d93a2 elementor-widget elementor-widget-heading\" data-id=\"3b2d93a2\" data-element_type=\"widget\" data-e-type=\"widget\" data-widget_type=\"heading.default\">\n\t\t\t\t<div class=\"elementor-widget-container\">\n\t\t\t\t\t<h1 class=\"elementor-heading-title elementor-size-xl\">Jeux de Piste<\/h1>\t\t\t\t<\/div>\n\t\t\t\t<\/div>\n\t\t\t\t\t<\/div>\n\t\t<\/div>\n\t\t\t\t\t<\/div>\n\t\t<\/section>\n\t\t\t\t<section class=\"elementor-section elementor-top-section elementor-element elementor-element-3cfb321f elementor-section-boxed elementor-section-height-default elementor-section-height-default\" data-id=\"3cfb321f\" data-element_type=\"section\" data-e-type=\"section\">\n\t\t\t\t\t\t<div class=\"elementor-container elementor-column-gap-default\">\n\t\t\t\t\t<div class=\"elementor-column elementor-col-50 elementor-top-column elementor-element elementor-element-67f5ba4\" data-id=\"67f5ba4\" data-element_type=\"column\" data-e-type=\"column\">\n\t\t\t<div class=\"elementor-widget-wrap elementor-element-populated\">\n\t\t\t\t\t\t<div class=\"elementor-element elementor-element-47060431 elementor-widget elementor-widget-image\" data-id=\"47060431\" data-element_type=\"widget\" data-e-type=\"widget\" data-widget_type=\"image.default\">\n\t\t\t\t<div class=\"elementor-widget-container\">\n\t\t\t\t\t\t\t\t\t\t\t\t\t\t\t<img fetchpriority=\"high\" decoding=\"async\" width=\"800\" height=\"600\" src=\"https:\/\/action-form.com\/wp-content\/uploads\/JP1.jpg\" class=\"attachment-large size-large wp-image-100\" alt=\"\" srcset=\"https:\/\/action-form.com\/wp-content\/uploads\/JP1.jpg 800w, https:\/\/action-form.com\/wp-content\/uploads\/JP1-300x225.jpg 300w, https:\/\/action-form.com\/wp-content\/uploads\/JP1-768x576.jpg 768w\" sizes=\"(max-width: 800px) 100vw, 800px\" \/>\t\t\t\t\t\t\t\t\t\t\t\t\t\t\t<\/div>\n\t\t\t\t<\/div>\n\t\t\t\t\t<\/div>\n\t\t<\/div>\n\t\t\t\t<div class=\"elementor-column elementor-col-50 elementor-top-column elementor-element elementor-element-32bde706\" data-id=\"32bde706\" data-element_type=\"column\" data-e-type=\"column\">\n\t\t\t<div class=\"elementor-widget-wrap elementor-element-populated\">\n\t\t\t\t\t\t<div class=\"elementor-element elementor-element-68e742cd elementor-widget elementor-widget-image\" data-id=\"68e742cd\" data-element_type=\"widget\" data-e-type=\"widget\" data-widget_type=\"image.default\">\n\t\t\t\t<div class=\"elementor-widget-container\">\n\t\t\t\t\t\t\t\t\t\t\t\t\t\t\t<img decoding=\"async\" width=\"800\" height=\"600\" src=\"https:\/\/action-form.com\/wp-content\/uploads\/JP2.jpg\" class=\"attachment-large size-large wp-image-101\" alt=\"\" srcset=\"https:\/\/action-form.com\/wp-content\/uploads\/JP2.jpg 800w, https:\/\/action-form.com\/wp-content\/uploads\/JP2-300x225.jpg 300w, https:\/\/action-form.com\/wp-content\/uploads\/JP2-768x576.jpg 768w\" sizes=\"(max-width: 800px) 100vw, 800px\" \/>\t\t\t\t\t\t\t\t\t\t\t\t\t\t\t<\/div>\n\t\t\t\t<\/div>\n\t\t\t\t\t<\/div>\n\t\t<\/div>\n\t\t\t\t\t<\/div>\n\t\t<\/section>\n\t\t\t\t<section class=\"elementor-section elementor-top-section elementor-element elementor-element-e117f42 elementor-section-boxed elementor-section-height-default elementor-section-height-default\" data-id=\"e117f42\" data-element_type=\"section\" data-e-type=\"section\">\n\t\t\t\t\t\t<div class=\"elementor-container elementor-column-gap-default\">\n\t\t\t\t\t<div class=\"elementor-column elementor-col-50 elementor-top-column elementor-element elementor-element-e805735\" data-id=\"e805735\" data-element_type=\"column\" data-e-type=\"column\">\n\t\t\t<div class=\"elementor-widget-wrap elementor-element-populated\">\n\t\t\t\t\t\t<div class=\"elementor-element elementor-element-a3b8996 elementor-widget elementor-widget-image\" data-id=\"a3b8996\" data-element_type=\"widget\" data-e-type=\"widget\" data-widget_type=\"image.default\">\n\t\t\t\t<div class=\"elementor-widget-container\">\n\t\t\t\t\t\t\t\t\t\t\t\t\t\t\t<img decoding=\"async\" width=\"1024\" height=\"768\" src=\"https:\/\/action-form.com\/wp-content\/uploads\/20230513_164503-1024x768.jpg\" class=\"attachment-large size-large wp-image-3332\" alt=\"\" srcset=\"https:\/\/action-form.com\/wp-content\/uploads\/20230513_164503-1024x768.jpg 1024w, https:\/\/action-form.com\/wp-content\/uploads\/20230513_164503-300x225.jpg 300w, https:\/\/action-form.com\/wp-content\/uploads\/20230513_164503-768x576.jpg 768w, https:\/\/action-form.com\/wp-content\/uploads\/20230513_164503-1536x1152.jpg 1536w, https:\/\/action-form.com\/wp-content\/uploads\/20230513_164503-2048x1536.jpg 2048w\" sizes=\"(max-width: 1024px) 100vw, 1024px\" \/>\t\t\t\t\t\t\t\t\t\t\t\t\t\t\t<\/div>\n\t\t\t\t<\/div>\n\t\t\t\t\t<\/div>\n\t\t<\/div>\n\t\t\t\t<div class=\"elementor-column elementor-col-50 elementor-top-column elementor-element elementor-element-1616e57\" data-id=\"1616e57\" data-element_type=\"column\" data-e-type=\"column\">\n\t\t\t<div class=\"elementor-widget-wrap elementor-element-populated\">\n\t\t\t\t\t\t<div class=\"elementor-element elementor-element-8d8b5b1 elementor-widget elementor-widget-image\" data-id=\"8d8b5b1\" data-element_type=\"widget\" data-e-type=\"widget\" data-widget_type=\"image.default\">\n\t\t\t\t<div class=\"elementor-widget-container\">\n\t\t\t\t\t\t\t\t\t\t\t\t\t\t\t<img loading=\"lazy\" decoding=\"async\" width=\"1024\" height=\"768\" src=\"https:\/\/action-form.com\/wp-content\/uploads\/20230320_145141-1024x768.jpg\" class=\"attachment-large size-large wp-image-3326\" alt=\"\" srcset=\"https:\/\/action-form.com\/wp-content\/uploads\/20230320_145141-1024x768.jpg 1024w, https:\/\/action-form.com\/wp-content\/uploads\/20230320_145141-300x225.jpg 300w, https:\/\/action-form.com\/wp-content\/uploads\/20230320_145141-768x576.jpg 768w, https:\/\/action-form.com\/wp-content\/uploads\/20230320_145141-1536x1152.jpg 1536w, https:\/\/action-form.com\/wp-content\/uploads\/20230320_145141-2048x1536.jpg 2048w\" sizes=\"(max-width: 1024px) 100vw, 1024px\" \/>\t\t\t\t\t\t\t\t\t\t\t\t\t\t\t<\/div>\n\t\t\t\t<\/div>\n\t\t\t\t\t<\/div>\n\t\t<\/div>\n\t\t\t\t\t<\/div>\n\t\t<\/section>\n\t\t\t\t<section class=\"elementor-section elementor-top-section elementor-element elementor-element-40beeed elementor-section-boxed elementor-section-height-default elementor-section-height-default\" data-id=\"40beeed\" data-element_type=\"section\" data-e-type=\"section\">\n\t\t\t\t\t\t<div class=\"elementor-container elementor-column-gap-default\">\n\t\t\t\t\t<div class=\"elementor-column elementor-col-33 elementor-top-column elementor-element elementor-element-feedbfe\" data-id=\"feedbfe\" data-element_type=\"column\" data-e-type=\"column\">\n\t\t\t<div class=\"elementor-widget-wrap elementor-element-populated\">\n\t\t\t\t\t\t<div class=\"elementor-element elementor-element-b3b4134 elementor-widget elementor-widget-image\" data-id=\"b3b4134\" data-element_type=\"widget\" data-e-type=\"widget\" data-widget_type=\"image.default\">\n\t\t\t\t<div class=\"elementor-widget-container\">\n\t\t\t\t\t\t\t\t\t\t\t\t\t\t\t<img loading=\"lazy\" decoding=\"async\" width=\"1024\" height=\"768\" src=\"https:\/\/action-form.com\/wp-content\/uploads\/20230513_151812-1024x768.jpg\" class=\"attachment-large size-large wp-image-3336\" alt=\"\" srcset=\"https:\/\/action-form.com\/wp-content\/uploads\/20230513_151812-1024x768.jpg 1024w, https:\/\/action-form.com\/wp-content\/uploads\/20230513_151812-300x225.jpg 300w, https:\/\/action-form.com\/wp-content\/uploads\/20230513_151812-768x576.jpg 768w, https:\/\/action-form.com\/wp-content\/uploads\/20230513_151812-1536x1152.jpg 1536w, https:\/\/action-form.com\/wp-content\/uploads\/20230513_151812-2048x1536.jpg 2048w\" sizes=\"(max-width: 1024px) 100vw, 1024px\" \/>\t\t\t\t\t\t\t\t\t\t\t\t\t\t\t<\/div>\n\t\t\t\t<\/div>\n\t\t\t\t\t<\/div>\n\t\t<\/div>\n\t\t\t\t<div class=\"elementor-column elementor-col-33 elementor-top-column elementor-element elementor-element-0f9c2d3\" data-id=\"0f9c2d3\" data-element_type=\"column\" data-e-type=\"column\">\n\t\t\t<div class=\"elementor-widget-wrap elementor-element-populated\">\n\t\t\t\t\t\t<div class=\"elementor-element elementor-element-758b38e elementor-widget elementor-widget-image\" data-id=\"758b38e\" data-element_type=\"widget\" data-e-type=\"widget\" data-widget_type=\"image.default\">\n\t\t\t\t<div class=\"elementor-widget-container\">\n\t\t\t\t\t\t\t\t\t\t\t\t\t\t\t<img loading=\"lazy\" decoding=\"async\" width=\"799\" height=\"600\" src=\"https:\/\/action-form.com\/wp-content\/uploads\/JP_6_sRVB-1.jpg\" class=\"attachment-large size-large wp-image-3335\" alt=\"\" srcset=\"https:\/\/action-form.com\/wp-content\/uploads\/JP_6_sRVB-1.jpg 799w, https:\/\/action-form.com\/wp-content\/uploads\/JP_6_sRVB-1-300x225.jpg 300w, https:\/\/action-form.com\/wp-content\/uploads\/JP_6_sRVB-1-768x577.jpg 768w\" sizes=\"(max-width: 799px) 100vw, 799px\" \/>\t\t\t\t\t\t\t\t\t\t\t\t\t\t\t<\/div>\n\t\t\t\t<\/div>\n\t\t\t\t\t<\/div>\n\t\t<\/div>\n\t\t\t\t<div class=\"elementor-column elementor-col-33 elementor-top-column elementor-element elementor-element-8c51c70\" data-id=\"8c51c70\" data-element_type=\"column\" data-e-type=\"column\">\n\t\t\t<div class=\"elementor-widget-wrap elementor-element-populated\">\n\t\t\t\t\t\t<div class=\"elementor-element elementor-element-8553481 elementor-widget elementor-widget-image\" data-id=\"8553481\" data-element_type=\"widget\" data-e-type=\"widget\" data-widget_type=\"image.default\">\n\t\t\t\t<div class=\"elementor-widget-container\">\n\t\t\t\t\t\t\t\t\t\t\t\t\t\t\t<img loading=\"lazy\" decoding=\"async\" width=\"800\" height=\"600\" src=\"https:\/\/action-form.com\/wp-content\/uploads\/JO2-1.jpg\" class=\"attachment-large size-large wp-image-3333\" alt=\"\" srcset=\"https:\/\/action-form.com\/wp-content\/uploads\/JO2-1.jpg 800w, https:\/\/action-form.com\/wp-content\/uploads\/JO2-1-300x225.jpg 300w, https:\/\/action-form.com\/wp-content\/uploads\/JO2-1-768x576.jpg 768w\" sizes=\"(max-width: 800px) 100vw, 800px\" \/>\t\t\t\t\t\t\t\t\t\t\t\t\t\t\t<\/div>\n\t\t\t\t<\/div>\n\t\t\t\t\t<\/div>\n\t\t<\/div>\n\t\t\t\t\t<\/div>\n\t\t<\/section>\n\t\t\t\t<section class=\"elementor-section elementor-top-section elementor-element elementor-element-310f09c elementor-section-boxed elementor-section-height-default elementor-section-height-default\" data-id=\"310f09c\" data-element_type=\"section\" data-e-type=\"section\">\n\t\t\t\t\t\t<div class=\"elementor-container elementor-column-gap-default\">\n\t\t\t\t\t<div class=\"elementor-column elementor-col-33 elementor-top-column elementor-element elementor-element-bda6a26\" data-id=\"bda6a26\" data-element_type=\"column\" data-e-type=\"column\">\n\t\t\t<div class=\"elementor-widget-wrap elementor-element-populated\">\n\t\t\t\t\t\t<div class=\"elementor-element elementor-element-80f44c2 elementor-widget elementor-widget-image\" data-id=\"80f44c2\" data-element_type=\"widget\" data-e-type=\"widget\" data-widget_type=\"image.default\">\n\t\t\t\t<div class=\"elementor-widget-container\">\n\t\t\t\t\t\t\t\t\t\t\t\t\t\t\t<img loading=\"lazy\" decoding=\"async\" width=\"1536\" height=\"1152\" src=\"https:\/\/action-form.com\/wp-content\/uploads\/20230320_154449-1536x1152.jpg\" class=\"attachment-1536x1536 size-1536x1536 wp-image-3325\" alt=\"\" srcset=\"https:\/\/action-form.com\/wp-content\/uploads\/20230320_154449-1536x1152.jpg 1536w, https:\/\/action-form.com\/wp-content\/uploads\/20230320_154449-300x225.jpg 300w, https:\/\/action-form.com\/wp-content\/uploads\/20230320_154449-1024x768.jpg 1024w, https:\/\/action-form.com\/wp-content\/uploads\/20230320_154449-768x576.jpg 768w, https:\/\/action-form.com\/wp-content\/uploads\/20230320_154449-2048x1536.jpg 2048w\" sizes=\"(max-width: 1536px) 100vw, 1536px\" \/>\t\t\t\t\t\t\t\t\t\t\t\t\t\t\t<\/div>\n\t\t\t\t<\/div>\n\t\t\t\t\t<\/div>\n\t\t<\/div>\n\t\t\t\t<div class=\"elementor-column elementor-col-33 elementor-top-column elementor-element elementor-element-ff6d6d0\" data-id=\"ff6d6d0\" data-element_type=\"column\" data-e-type=\"column\">\n\t\t\t<div class=\"elementor-widget-wrap elementor-element-populated\">\n\t\t\t\t\t\t<div class=\"elementor-element elementor-element-20d8ff3 elementor-widget elementor-widget-image\" data-id=\"20d8ff3\" data-element_type=\"widget\" data-e-type=\"widget\" data-widget_type=\"image.default\">\n\t\t\t\t<div class=\"elementor-widget-container\">\n\t\t\t\t\t\t\t\t\t\t\t\t\t\t\t<img loading=\"lazy\" decoding=\"async\" width=\"1024\" height=\"768\" src=\"https:\/\/action-form.com\/wp-content\/uploads\/20230320_150125-1024x768.jpg\" class=\"attachment-large size-large wp-image-3331\" alt=\"\" srcset=\"https:\/\/action-form.com\/wp-content\/uploads\/20230320_150125-1024x768.jpg 1024w, https:\/\/action-form.com\/wp-content\/uploads\/20230320_150125-300x225.jpg 300w, https:\/\/action-form.com\/wp-content\/uploads\/20230320_150125-768x576.jpg 768w, https:\/\/action-form.com\/wp-content\/uploads\/20230320_150125-1536x1152.jpg 1536w, https:\/\/action-form.com\/wp-content\/uploads\/20230320_150125-2048x1536.jpg 2048w\" sizes=\"(max-width: 1024px) 100vw, 1024px\" \/>\t\t\t\t\t\t\t\t\t\t\t\t\t\t\t<\/div>\n\t\t\t\t<\/div>\n\t\t\t\t\t<\/div>\n\t\t<\/div>\n\t\t\t\t<div class=\"elementor-column elementor-col-33 elementor-top-column elementor-element elementor-element-be7bd3c\" data-id=\"be7bd3c\" data-element_type=\"column\" data-e-type=\"column\">\n\t\t\t<div class=\"elementor-widget-wrap elementor-element-populated\">\n\t\t\t\t\t\t<div class=\"elementor-element elementor-element-dba5b80 elementor-widget elementor-widget-image\" data-id=\"dba5b80\" data-element_type=\"widget\" data-e-type=\"widget\" data-widget_type=\"image.default\">\n\t\t\t\t<div class=\"elementor-widget-container\">\n\t\t\t\t\t\t\t\t\t\t\t\t\t\t\t<img loading=\"lazy\" decoding=\"async\" width=\"1024\" height=\"768\" src=\"https:\/\/action-form.com\/wp-content\/uploads\/20230527_153442-1024x768.jpg\" class=\"attachment-large size-large wp-image-3329\" alt=\"\" srcset=\"https:\/\/action-form.com\/wp-content\/uploads\/20230527_153442-1024x768.jpg 1024w, https:\/\/action-form.com\/wp-content\/uploads\/20230527_153442-300x225.jpg 300w, https:\/\/action-form.com\/wp-content\/uploads\/20230527_153442-768x576.jpg 768w, https:\/\/action-form.com\/wp-content\/uploads\/20230527_153442-1536x1152.jpg 1536w, https:\/\/action-form.com\/wp-content\/uploads\/20230527_153442-2048x1536.jpg 2048w\" sizes=\"(max-width: 1024px) 100vw, 1024px\" \/>\t\t\t\t\t\t\t\t\t\t\t\t\t\t\t<\/div>\n\t\t\t\t<\/div>\n\t\t\t\t\t<\/div>\n\t\t<\/div>\n\t\t\t\t\t<\/div>\n\t\t<\/section>\n\t\t\t\t<section class=\"elementor-section elementor-top-section elementor-element elementor-element-6d18b43 elementor-section-boxed elementor-section-height-default elementor-section-height-default\" data-id=\"6d18b43\" data-element_type=\"section\" data-e-type=\"section\">\n\t\t\t\t\t\t<div class=\"elementor-container elementor-column-gap-default\">\n\t\t\t\t\t<div class=\"elementor-column elementor-col-50 elementor-top-column elementor-element elementor-element-e81f9a3\" data-id=\"e81f9a3\" data-element_type=\"column\" data-e-type=\"column\">\n\t\t\t<div class=\"elementor-widget-wrap elementor-element-populated\">\n\t\t\t\t\t\t<div class=\"elementor-element elementor-element-bfe1f89 elementor-widget elementor-widget-image\" data-id=\"bfe1f89\" data-element_type=\"widget\" data-e-type=\"widget\" data-widget_type=\"image.default\">\n\t\t\t\t<div class=\"elementor-widget-container\">\n\t\t\t\t\t\t\t\t\t\t\t\t\t\t\t<img loading=\"lazy\" decoding=\"async\" width=\"1024\" height=\"768\" src=\"https:\/\/action-form.com\/wp-content\/uploads\/20230710_162340-1-1024x768.jpg\" class=\"attachment-large size-large wp-image-3327\" alt=\"\" srcset=\"https:\/\/action-form.com\/wp-content\/uploads\/20230710_162340-1-1024x768.jpg 1024w, https:\/\/action-form.com\/wp-content\/uploads\/20230710_162340-1-300x225.jpg 300w, https:\/\/action-form.com\/wp-content\/uploads\/20230710_162340-1-768x576.jpg 768w, https:\/\/action-form.com\/wp-content\/uploads\/20230710_162340-1-1536x1152.jpg 1536w, https:\/\/action-form.com\/wp-content\/uploads\/20230710_162340-1-2048x1536.jpg 2048w\" sizes=\"(max-width: 1024px) 100vw, 1024px\" \/>\t\t\t\t\t\t\t\t\t\t\t\t\t\t\t<\/div>\n\t\t\t\t<\/div>\n\t\t\t\t\t<\/div>\n\t\t<\/div>\n\t\t\t\t<div class=\"elementor-column elementor-col-50 elementor-top-column elementor-element elementor-element-7aad56a\" data-id=\"7aad56a\" data-element_type=\"column\" data-e-type=\"column\">\n\t\t\t<div class=\"elementor-widget-wrap elementor-element-populated\">\n\t\t\t\t\t\t<div class=\"elementor-element elementor-element-4aeccf0 elementor-widget elementor-widget-image\" data-id=\"4aeccf0\" data-element_type=\"widget\" data-e-type=\"widget\" data-widget_type=\"image.default\">\n\t\t\t\t<div class=\"elementor-widget-container\">\n\t\t\t\t\t\t\t\t\t\t\t\t\t\t\t<img loading=\"lazy\" decoding=\"async\" width=\"1024\" height=\"768\" src=\"https:\/\/action-form.com\/wp-content\/uploads\/20230513_143336-1024x768.jpg\" class=\"attachment-large size-large wp-image-3330\" alt=\"\" srcset=\"https:\/\/action-form.com\/wp-content\/uploads\/20230513_143336-1024x768.jpg 1024w, https:\/\/action-form.com\/wp-content\/uploads\/20230513_143336-300x225.jpg 300w, https:\/\/action-form.com\/wp-content\/uploads\/20230513_143336-768x576.jpg 768w, https:\/\/action-form.com\/wp-content\/uploads\/20230513_143336-1536x1152.jpg 1536w, https:\/\/action-form.com\/wp-content\/uploads\/20230513_143336-2048x1536.jpg 2048w\" sizes=\"(max-width: 1024px) 100vw, 1024px\" \/>\t\t\t\t\t\t\t\t\t\t\t\t\t\t\t<\/div>\n\t\t\t\t<\/div>\n\t\t\t\t\t<\/div>\n\t\t<\/div>\n\t\t\t\t\t<\/div>\n\t\t<\/section>\n\t\t\t\t<section class=\"elementor-section elementor-top-section elementor-element elementor-element-3800b37 elementor-section-boxed elementor-section-height-default elementor-section-height-default\" data-id=\"3800b37\" data-element_type=\"section\" data-e-type=\"section\">\n\t\t\t\t\t\t<div class=\"elementor-container elementor-column-gap-default\">\n\t\t\t\t\t<div class=\"elementor-column elementor-col-100 elementor-top-column elementor-element elementor-element-2289c442\" data-id=\"2289c442\" data-element_type=\"column\" data-e-type=\"column\">\n\t\t\t<div class=\"elementor-widget-wrap elementor-element-populated\">\n\t\t\t\t\t\t<div class=\"elementor-element elementor-element-6a5eb3c6 elementor-widget elementor-widget-text-editor\" data-id=\"6a5eb3c6\" data-element_type=\"widget\" data-e-type=\"widget\" data-widget_type=\"text-editor.default\">\n\t\t\t\t<div class=\"elementor-widget-container\">\n\t\t\t\t\t\t\t\t\t<p><strong>Une activit\u00e9 ludique et insolite.<\/strong><\/p><p><strong>Sur un itin\u00e9raire \u00e9tabli dans un environnement pittoresque, partez \u00e0 la recherche d&rsquo;indices sous forme de messages, d&rsquo;\u00e9nigmes qui vous permettront d&rsquo;avancer vers le but ultime.<\/strong><\/p>\t\t\t\t\t\t\t\t<\/div>\n\t\t\t\t<\/div>\n\t\t\t\t\t<\/div>\n\t\t<\/div>\n\t\t\t\t\t<\/div>\n\t\t<\/section>\n\t\t\t\t<\/div>\n\t\t","protected":false},"excerpt":{"rendered":"<p>Jeux de Piste Une activit\u00e9 ludique et insolite. Sur un itin\u00e9raire \u00e9tabli dans un environnement pittoresque, partez \u00e0 la recherche d&rsquo;indices sous forme de messages, d&rsquo;\u00e9nigmes qui vous permettront d&rsquo;avancer vers le but ultime.<\/p>\n","protected":false},"author":1,"featured_media":0,"parent":0,"menu_order":0,"comment_status":"closed","ping_status":"closed","template":"elementor_header_footer","meta":{"footnotes":""},"class_list":["post-56","page","type-page","status-publish","hentry","wpbf-post"],"_links":{"self":[{"href":"https:\/\/action-form.com\/index.php\/wp-json\/wp\/v2\/pages\/56","targetHints":{"allow":["GET"]}}],"collection":[{"href":"https:\/\/action-form.com\/index.php\/wp-json\/wp\/v2\/pages"}],"about":[{"href":"https:\/\/action-form.com\/index.php\/wp-json\/wp\/v2\/types\/page"}],"author":[{"embeddable":true,"href":"https:\/\/action-form.com\/index.php\/wp-json\/wp\/v2\/users\/1"}],"replies":[{"embeddable":true,"href":"https:\/\/action-form.com\/index.php\/wp-json\/wp\/v2\/comments?post=56"}],"version-history":[{"count":15,"href":"https:\/\/action-form.com\/index.php\/wp-json\/wp\/v2\/pages\/56\/revisions"}],"predecessor-version":[{"id":7987,"href":"https:\/\/action-form.com\/index.php\/wp-json\/wp\/v2\/pages\/56\/revisions\/7987"}],"wp:attachment":[{"href":"https:\/\/action-form.com\/index.php\/wp-json\/wp\/v2\/media?parent=56"}],"curies":[{"name":"wp","href":"https:\/\/api.w.org\/{rel}","templated":true}]}}