{"id":62,"date":"2020-10-11T23:25:08","date_gmt":"2020-10-11T21:25:08","guid":{"rendered":"https:\/\/action-form.com\/?page_id=62"},"modified":"2023-12-06T17:30:28","modified_gmt":"2023-12-06T16:30:28","slug":"randonnee-a-theme","status":"publish","type":"page","link":"https:\/\/action-form.com\/index.php\/randonnee-a-theme\/","title":{"rendered":"Randonn\u00e9e \u00e0 th\u00e8me"},"content":{"rendered":"\t\t<div data-elementor-type=\"wp-page\" data-elementor-id=\"62\" class=\"elementor elementor-62\">\n\t\t\t\t\t\t<section class=\"elementor-section elementor-top-section elementor-element elementor-element-22e7f04a elementor-section-boxed elementor-section-height-default elementor-section-height-default\" data-id=\"22e7f04a\" data-element_type=\"section\" data-e-type=\"section\">\n\t\t\t\t\t\t<div class=\"elementor-container elementor-column-gap-default\">\n\t\t\t\t\t<div class=\"elementor-column elementor-col-100 elementor-top-column elementor-element elementor-element-301a9b18\" data-id=\"301a9b18\" data-element_type=\"column\" data-e-type=\"column\">\n\t\t\t<div class=\"elementor-widget-wrap elementor-element-populated\">\n\t\t\t\t\t\t<div class=\"elementor-element elementor-element-62d7d803 elementor-widget elementor-widget-heading\" data-id=\"62d7d803\" data-element_type=\"widget\" data-e-type=\"widget\" data-widget_type=\"heading.default\">\n\t\t\t\t<div class=\"elementor-widget-container\">\n\t\t\t\t\t<h1 class=\"elementor-heading-title elementor-size-xl\">Randonn\u00e9e \u00e0 th\u00e8me<\/h1>\t\t\t\t<\/div>\n\t\t\t\t<\/div>\n\t\t\t\t\t<\/div>\n\t\t<\/div>\n\t\t\t\t\t<\/div>\n\t\t<\/section>\n\t\t\t\t<section class=\"elementor-section elementor-top-section elementor-element elementor-element-fe6de23 elementor-section-boxed elementor-section-height-default elementor-section-height-default\" data-id=\"fe6de23\" data-element_type=\"section\" data-e-type=\"section\">\n\t\t\t\t\t\t<div class=\"elementor-container elementor-column-gap-default\">\n\t\t\t\t\t<div class=\"elementor-column elementor-col-100 elementor-top-column elementor-element elementor-element-1fd1548\" data-id=\"1fd1548\" data-element_type=\"column\" data-e-type=\"column\">\n\t\t\t<div class=\"elementor-widget-wrap elementor-element-populated\">\n\t\t\t\t\t\t<div class=\"elementor-element elementor-element-9d7f081 elementor-widget elementor-widget-layerslider\" data-id=\"9d7f081\" data-element_type=\"widget\" data-e-type=\"widget\" data-widget_type=\"layerslider.default\">\n\t\t\t\t<div class=\"elementor-widget-container\">\n\t\t\t\t\t<script type=\"text\/javascript\">jQuery(function() { _initLayerSlider( '#layerslider_36_19cee475hgoil', {sliderVersion: '7.9.6', allowFullscreen: true, skin: 'v6', sliderFadeInDuration: 350, navStartStop: false, hoverBottomNav: true, showCircleTimer: false, useSrcset: true, skinsPath: 'https:\/\/action-form.com\/wp-content\/plugins\/LayerSlider\/assets\/static\/layerslider\/skins\/', performanceMode: true, plugins: [\"origami\"]}); });<\/script><div id=\"layerslider_36_19cee475hgoil\"  class=\"ls-wp-container fitvidsignore ls-selectable\" style=\"width:1920px;height:848px;margin:0 auto;margin-top: 0px !important;\"><div class=\"ls-slide\" data-ls=\"duration:1000;transitionorigami:true;overflow:true;\"><img fetchpriority=\"high\" decoding=\"async\" width=\"2560\" height=\"1920\" src=\"https:\/\/action-form.com\/wp-content\/uploads\/20230214_115254-scaled.jpg\" class=\"ls-bg\" alt=\"\" srcset=\"https:\/\/action-form.com\/wp-content\/uploads\/20230214_115254-scaled.jpg 2560w, https:\/\/action-form.com\/wp-content\/uploads\/20230214_115254-300x225.jpg 300w, https:\/\/action-form.com\/wp-content\/uploads\/20230214_115254-1024x768.jpg 1024w, https:\/\/action-form.com\/wp-content\/uploads\/20230214_115254-768x576.jpg 768w, https:\/\/action-form.com\/wp-content\/uploads\/20230214_115254-1536x1152.jpg 1536w, https:\/\/action-form.com\/wp-content\/uploads\/20230214_115254-2048x1536.jpg 2048w\" sizes=\"(max-width: 2560px) 100vw, 2560px\" \/><\/div><div class=\"ls-slide\" ><img decoding=\"async\" width=\"2560\" height=\"1920\" src=\"https:\/\/action-form.com\/wp-content\/uploads\/20230919_1207000-scaled.jpg\" class=\"ls-bg\" alt=\"\" srcset=\"https:\/\/action-form.com\/wp-content\/uploads\/20230919_1207000-scaled.jpg 2560w, https:\/\/action-form.com\/wp-content\/uploads\/20230919_1207000-300x225.jpg 300w, https:\/\/action-form.com\/wp-content\/uploads\/20230919_1207000-1024x768.jpg 1024w, https:\/\/action-form.com\/wp-content\/uploads\/20230919_1207000-768x576.jpg 768w, https:\/\/action-form.com\/wp-content\/uploads\/20230919_1207000-1536x1152.jpg 1536w, https:\/\/action-form.com\/wp-content\/uploads\/20230919_1207000-2048x1536.jpg 2048w\" sizes=\"(max-width: 2560px) 100vw, 2560px\" \/><\/div><div class=\"ls-slide\" ><img decoding=\"async\" width=\"2560\" height=\"1920\" src=\"https:\/\/action-form.com\/wp-content\/uploads\/20231017_112436-scaled.jpg\" class=\"ls-bg\" alt=\"\" srcset=\"https:\/\/action-form.com\/wp-content\/uploads\/20231017_112436-scaled.jpg 2560w, https:\/\/action-form.com\/wp-content\/uploads\/20231017_112436-300x225.jpg 300w, https:\/\/action-form.com\/wp-content\/uploads\/20231017_112436-1024x768.jpg 1024w, https:\/\/action-form.com\/wp-content\/uploads\/20231017_112436-768x576.jpg 768w, https:\/\/action-form.com\/wp-content\/uploads\/20231017_112436-1536x1152.jpg 1536w, https:\/\/action-form.com\/wp-content\/uploads\/20231017_112436-2048x1536.jpg 2048w\" sizes=\"(max-width: 2560px) 100vw, 2560px\" \/><\/div><div class=\"ls-slide\" ><img loading=\"lazy\" decoding=\"async\" width=\"600\" height=\"800\" src=\"https:\/\/action-form.com\/wp-content\/uploads\/RANDO_THEME_1-1.png\" class=\"ls-bg\" alt=\"\" srcset=\"https:\/\/action-form.com\/wp-content\/uploads\/RANDO_THEME_1-1.png 600w, https:\/\/action-form.com\/wp-content\/uploads\/RANDO_THEME_1-1-225x300.png 225w\" sizes=\"(max-width: 600px) 100vw, 600px\" \/><\/div><div class=\"ls-slide\" ><img loading=\"lazy\" decoding=\"async\" width=\"800\" height=\"534\" src=\"https:\/\/action-form.com\/wp-content\/uploads\/RANDO_THEME_4-1.png\" class=\"ls-bg\" alt=\"\" srcset=\"https:\/\/action-form.com\/wp-content\/uploads\/RANDO_THEME_4-1.png 800w, https:\/\/action-form.com\/wp-content\/uploads\/RANDO_THEME_4-1-300x200.png 300w, https:\/\/action-form.com\/wp-content\/uploads\/RANDO_THEME_4-1-768x513.png 768w\" sizes=\"(max-width: 800px) 100vw, 800px\" \/><\/div><div class=\"ls-slide\" data-ls=\"duration:1000;transitionorigami:true;overflow:true;\"><img loading=\"lazy\" decoding=\"async\" width=\"2560\" height=\"1703\" src=\"https:\/\/action-form.com\/wp-content\/uploads\/gros-plan-chaussures-randonneur-marchant-dans-sentier-forestier-espace-copie-lumiere-du-soleil-scaled.jpg\" class=\"ls-bg\" alt=\"\" srcset=\"https:\/\/action-form.com\/wp-content\/uploads\/gros-plan-chaussures-randonneur-marchant-dans-sentier-forestier-espace-copie-lumiere-du-soleil-scaled.jpg 2560w, https:\/\/action-form.com\/wp-content\/uploads\/gros-plan-chaussures-randonneur-marchant-dans-sentier-forestier-espace-copie-lumiere-du-soleil-300x200.jpg 300w, https:\/\/action-form.com\/wp-content\/uploads\/gros-plan-chaussures-randonneur-marchant-dans-sentier-forestier-espace-copie-lumiere-du-soleil-1024x681.jpg 1024w, https:\/\/action-form.com\/wp-content\/uploads\/gros-plan-chaussures-randonneur-marchant-dans-sentier-forestier-espace-copie-lumiere-du-soleil-768x511.jpg 768w, https:\/\/action-form.com\/wp-content\/uploads\/gros-plan-chaussures-randonneur-marchant-dans-sentier-forestier-espace-copie-lumiere-du-soleil-1536x1022.jpg 1536w, https:\/\/action-form.com\/wp-content\/uploads\/gros-plan-chaussures-randonneur-marchant-dans-sentier-forestier-espace-copie-lumiere-du-soleil-2048x1363.jpg 2048w\" sizes=\"(max-width: 2560px) 100vw, 2560px\" \/><\/div><div class=\"ls-slide\" data-ls=\"duration:1000;transitionorigami:true;overflow:true;\"><img loading=\"lazy\" decoding=\"async\" width=\"2560\" height=\"1463\" src=\"https:\/\/action-form.com\/wp-content\/uploads\/backpacker-randonnee-au-sommet-montagne-profitant-paysage-automne-genere-par-ia-scaled.jpg\" class=\"ls-bg\" alt=\"\" srcset=\"https:\/\/action-form.com\/wp-content\/uploads\/backpacker-randonnee-au-sommet-montagne-profitant-paysage-automne-genere-par-ia-scaled.jpg 2560w, https:\/\/action-form.com\/wp-content\/uploads\/backpacker-randonnee-au-sommet-montagne-profitant-paysage-automne-genere-par-ia-300x171.jpg 300w, https:\/\/action-form.com\/wp-content\/uploads\/backpacker-randonnee-au-sommet-montagne-profitant-paysage-automne-genere-par-ia-1024x585.jpg 1024w, https:\/\/action-form.com\/wp-content\/uploads\/backpacker-randonnee-au-sommet-montagne-profitant-paysage-automne-genere-par-ia-768x439.jpg 768w, https:\/\/action-form.com\/wp-content\/uploads\/backpacker-randonnee-au-sommet-montagne-profitant-paysage-automne-genere-par-ia-1536x878.jpg 1536w, https:\/\/action-form.com\/wp-content\/uploads\/backpacker-randonnee-au-sommet-montagne-profitant-paysage-automne-genere-par-ia-2048x1170.jpg 2048w\" sizes=\"(max-width: 2560px) 100vw, 2560px\" \/><\/div><div class=\"ls-slide\" data-ls=\"duration:1000;transitionorigami:true;overflow:true;\"><img loading=\"lazy\" decoding=\"async\" width=\"1920\" height=\"2560\" src=\"https:\/\/action-form.com\/wp-content\/uploads\/pexels-natalia-vol-12851360-scaled.jpg\" class=\"ls-bg\" alt=\"\" srcset=\"https:\/\/action-form.com\/wp-content\/uploads\/pexels-natalia-vol-12851360-scaled.jpg 1920w, https:\/\/action-form.com\/wp-content\/uploads\/pexels-natalia-vol-12851360-225x300.jpg 225w, https:\/\/action-form.com\/wp-content\/uploads\/pexels-natalia-vol-12851360-768x1024.jpg 768w, https:\/\/action-form.com\/wp-content\/uploads\/pexels-natalia-vol-12851360-1152x1536.jpg 1152w, https:\/\/action-form.com\/wp-content\/uploads\/pexels-natalia-vol-12851360-1536x2048.jpg 1536w\" sizes=\"(max-width: 1920px) 100vw, 1920px\" \/><\/div><div class=\"ls-slide\" data-ls=\"duration:1000;transitionorigami:true;overflow:true;\"><img loading=\"lazy\" decoding=\"async\" width=\"800\" height=\"600\" src=\"https:\/\/action-form.com\/wp-content\/uploads\/RANDO_4_sRVB.jpg\" class=\"ls-bg\" alt=\"\" srcset=\"https:\/\/action-form.com\/wp-content\/uploads\/RANDO_4_sRVB.jpg 800w, https:\/\/action-form.com\/wp-content\/uploads\/RANDO_4_sRVB-300x225.jpg 300w, https:\/\/action-form.com\/wp-content\/uploads\/RANDO_4_sRVB-768x576.jpg 768w\" sizes=\"(max-width: 800px) 100vw, 800px\" \/><\/div><div class=\"ls-slide\" ><img loading=\"lazy\" decoding=\"async\" width=\"800\" height=\"600\" src=\"https:\/\/action-form.com\/wp-content\/uploads\/RT1.jpg\" class=\"ls-bg\" alt=\"\" srcset=\"https:\/\/action-form.com\/wp-content\/uploads\/RT1.jpg 800w, https:\/\/action-form.com\/wp-content\/uploads\/RT1-300x225.jpg 300w, https:\/\/action-form.com\/wp-content\/uploads\/RT1-768x576.jpg 768w\" sizes=\"(max-width: 800px) 100vw, 800px\" \/><\/div><\/div>\t\t\t\t<\/div>\n\t\t\t\t<\/div>\n\t\t\t\t\t<\/div>\n\t\t<\/div>\n\t\t\t\t\t<\/div>\n\t\t<\/section>\n\t\t\t\t<section class=\"elementor-section elementor-top-section elementor-element elementor-element-79f8221b elementor-section-boxed elementor-section-height-default elementor-section-height-default\" data-id=\"79f8221b\" data-element_type=\"section\" data-e-type=\"section\">\n\t\t\t\t\t\t<div class=\"elementor-container elementor-column-gap-default\">\n\t\t\t\t\t<div class=\"elementor-column elementor-col-100 elementor-top-column elementor-element elementor-element-39b25efd\" data-id=\"39b25efd\" data-element_type=\"column\" data-e-type=\"column\">\n\t\t\t<div class=\"elementor-widget-wrap elementor-element-populated\">\n\t\t\t\t\t\t<div class=\"elementor-element elementor-element-7bd12fde elementor-widget elementor-widget-text-editor\" data-id=\"7bd12fde\" data-element_type=\"widget\" data-e-type=\"widget\" data-widget_type=\"text-editor.default\">\n\t\t\t\t<div class=\"elementor-widget-container\">\n\t\t\t\t\t\t\t\t\t<p><strong>L&rsquo;activit\u00e9 la plus simple \u00e0 pratiquer, n&rsquo;importe o\u00f9 et n&rsquo;importe quand.<\/strong><\/p><p><strong>Elle n&rsquo;en sera pas moins riche&#8230;<\/strong><\/p><p><strong>La randonn\u00e9e vous permettra de vous d\u00e9penser tout en profitant d&rsquo;un cadre somptueux \u00e0 la d\u00e9couverte de la faune, de la flore, du paysage, du patrimoine et de l&rsquo;histoire.<\/strong><\/p><p><strong>Explorer n&rsquo;aura jamais \u00e9t\u00e9 aussi facile et plaisant.<\/strong><\/p>\t\t\t\t\t\t\t\t<\/div>\n\t\t\t\t<\/div>\n\t\t\t\t\t<\/div>\n\t\t<\/div>\n\t\t\t\t\t<\/div>\n\t\t<\/section>\n\t\t\t\t<\/div>\n\t\t","protected":false},"excerpt":{"rendered":"<p>Randonn\u00e9e \u00e0 th\u00e8me L&rsquo;activit\u00e9 la plus simple \u00e0 pratiquer, n&rsquo;importe o\u00f9 et n&rsquo;importe quand. Elle n&rsquo;en sera pas moins riche&#8230; La randonn\u00e9e vous permettra de vous d\u00e9penser tout en profitant d&rsquo;un cadre somptueux \u00e0 la d\u00e9couverte de la faune, de la flore, du paysage, du patrimoine et de l&rsquo;histoire. Explorer n&rsquo;aura jamais \u00e9t\u00e9 aussi facile [&hellip;]<\/p>\n","protected":false},"author":1,"featured_media":0,"parent":0,"menu_order":0,"comment_status":"closed","ping_status":"closed","template":"elementor_header_footer","meta":{"footnotes":""},"class_list":["post-62","page","type-page","status-publish","hentry","wpbf-post"],"_links":{"self":[{"href":"https:\/\/action-form.com\/index.php\/wp-json\/wp\/v2\/pages\/62","targetHints":{"allow":["GET"]}}],"collection":[{"href":"https:\/\/action-form.com\/index.php\/wp-json\/wp\/v2\/pages"}],"about":[{"href":"https:\/\/action-form.com\/index.php\/wp-json\/wp\/v2\/types\/page"}],"author":[{"embeddable":true,"href":"https:\/\/action-form.com\/index.php\/wp-json\/wp\/v2\/users\/1"}],"replies":[{"embeddable":true,"href":"https:\/\/action-form.com\/index.php\/wp-json\/wp\/v2\/comments?post=62"}],"version-history":[{"count":16,"href":"https:\/\/action-form.com\/index.php\/wp-json\/wp\/v2\/pages\/62\/revisions"}],"predecessor-version":[{"id":3531,"href":"https:\/\/action-form.com\/index.php\/wp-json\/wp\/v2\/pages\/62\/revisions\/3531"}],"wp:attachment":[{"href":"https:\/\/action-form.com\/index.php\/wp-json\/wp\/v2\/media?parent=62"}],"curies":[{"name":"wp","href":"https:\/\/api.w.org\/{rel}","templated":true}]}}